{"id":375,"date":"2021-10-26T15:27:50","date_gmt":"2021-10-26T15:27:50","guid":{"rendered":"https:\/\/drlianbeauty.com\/?page_id=375"},"modified":"2021-11-20T19:24:34","modified_gmt":"2021-11-20T19:24:34","slug":"medical-therapies","status":"publish","type":"page","link":"https:\/\/drlianbeauty.com\/fr\/services\/therapies-medicales-2\/","title":{"rendered":"Th\u00e9rapies m\u00e9dicales"},"content":{"rendered":"<div data-elementor-type=\"wp-page\" data-elementor-id=\"375\" class=\"elementor elementor-375\">\n\t\t\t\t\t\t<section class=\"elementor-section elementor-top-section elementor-element elementor-element-8d34123 elementor-section-height-min-height elementor-section-items-bottom elementor-section-boxed elementor-section-height-default\" data-id=\"8d34123\" data-element_type=\"section\" data-settings=\"{&quot;background_background&quot;:&quot;classic&quot;,&quot;_ha_eqh_enable&quot;:false}\">\n\t\t\t\t\t\t<div class=\"elementor-container elementor-column-gap-no\">\n\t\t\t\t\t<div class=\"elementor-column elementor-col-100 elementor-top-column elementor-element elementor-element-a368b97\" data-id=\"a368b97\" data-element_type=\"column\">\n\t\t\t<div class=\"elementor-widget-wrap elementor-element-populated\">\n\t\t\t\t\t\t<section class=\"elementor-section elementor-inner-section elementor-element elementor-element-e5c5c19 elementor-section-content-top elementor-reverse-mobile elementor-section-full_width elementor-section-height-default elementor-section-height-default\" data-id=\"e5c5c19\" data-element_type=\"section\" data-settings=\"{&quot;_ha_eqh_enable&quot;:false}\">\n\t\t\t\t\t\t<div class=\"elementor-container elementor-column-gap-no\">\n\t\t\t\t\t<div class=\"elementor-column elementor-col-50 elementor-inner-column elementor-element elementor-element-ec91555\" data-id=\"ec91555\" data-element_type=\"column\">\n\t\t\t<div class=\"elementor-widget-wrap elementor-element-populated\">\n\t\t\t\t\t\t<div class=\"elementor-element elementor-element-b6e31d7 elementor-widget__width-auto elementor-widget elementor-widget-image\" data-id=\"b6e31d7\" data-element_type=\"widget\" data-widget_type=\"image.default\">\n\t\t\t\t<div class=\"elementor-widget-container\">\n\t\t\t<style>\/*! elementor - v3.20.0 - 13-03-2024 *\/\n.elementor-widget-image{text-align:center}.elementor-widget-image a{display:inline-block}.elementor-widget-image a img[src$=\".svg\"]{width:48px}.elementor-widget-image img{vertical-align:middle;display:inline-block}<\/style>\t\t\t\t\t\t\t\t\t\t<img fetchpriority=\"high\" decoding=\"async\" width=\"1000\" height=\"1237\" src=\"https:\/\/drlianbeauty.com\/wp-content\/uploads\/2021\/11\/Dr-Lian-About-1.jpg\" class=\"attachment-full size-full wp-image-926\" alt=\"\" srcset=\"https:\/\/drlianbeauty.com\/wp-content\/uploads\/2021\/11\/Dr-Lian-About-1.jpg 1000w, https:\/\/drlianbeauty.com\/wp-content\/uploads\/2021\/11\/Dr-Lian-About-1-243x300.jpg 243w, https:\/\/drlianbeauty.com\/wp-content\/uploads\/2021\/11\/Dr-Lian-About-1-828x1024.jpg 828w, https:\/\/drlianbeauty.com\/wp-content\/uploads\/2021\/11\/Dr-Lian-About-1-768x950.jpg 768w\" sizes=\"(max-width: 1000px) 100vw, 1000px\" \/>\t\t\t\t\t\t\t\t\t\t\t\t\t<\/div>\n\t\t\t\t<\/div>\n\t\t\t\t<div class=\"elementor-element elementor-element-1d344a8 elementor-widget__width-initial elementor-absolute elementor-widget-tablet__width-initial elementor-widget-mobile__width-initial elementor-widget elementor-widget-spacer\" data-id=\"1d344a8\" data-element_type=\"widget\" data-settings=\"{&quot;_position&quot;:&quot;absolute&quot;}\" data-widget_type=\"spacer.default\">\n\t\t\t\t<div class=\"elementor-widget-container\">\n\t\t\t<style>\/*! elementor - v3.20.0 - 13-03-2024 *\/\n.elementor-column .elementor-spacer-inner{height:var(--spacer-size)}.e-con{--container-widget-width:100%}.e-con-inner>.elementor-widget-spacer,.e-con>.elementor-widget-spacer{width:var(--container-widget-width,var(--spacer-size));--align-self:var(--container-widget-align-self,initial);--flex-shrink:0}.e-con-inner>.elementor-widget-spacer>.elementor-widget-container,.e-con>.elementor-widget-spacer>.elementor-widget-container{height:100%;width:100%}.e-con-inner>.elementor-widget-spacer>.elementor-widget-container>.elementor-spacer,.e-con>.elementor-widget-spacer>.elementor-widget-container>.elementor-spacer{height:100%}.e-con-inner>.elementor-widget-spacer>.elementor-widget-container>.elementor-spacer>.elementor-spacer-inner,.e-con>.elementor-widget-spacer>.elementor-widget-container>.elementor-spacer>.elementor-spacer-inner{height:var(--container-widget-height,var(--spacer-size))}.e-con-inner>.elementor-widget-spacer.elementor-widget-empty,.e-con>.elementor-widget-spacer.elementor-widget-empty{position:relative;min-height:22px;min-width:22px}.e-con-inner>.elementor-widget-spacer.elementor-widget-empty .elementor-widget-empty-icon,.e-con>.elementor-widget-spacer.elementor-widget-empty .elementor-widget-empty-icon{position:absolute;top:0;bottom:0;left:0;right:0;margin:auto;padding:0;width:22px;height:22px}<\/style>\t\t<div class=\"elementor-spacer\">\n\t\t\t<div class=\"elementor-spacer-inner\"><\/div>\n\t\t<\/div>\n\t\t\t\t<\/div>\n\t\t\t\t<\/div>\n\t\t\t\t\t<\/div>\n\t\t<\/div>\n\t\t\t\t<div class=\"elementor-column elementor-col-50 elementor-inner-column elementor-element elementor-element-e66f2e9\" data-id=\"e66f2e9\" data-element_type=\"column\">\n\t\t\t<div class=\"elementor-widget-wrap elementor-element-populated\">\n\t\t\t\t\t\t<div class=\"elementor-element elementor-element-74df1f1 elementor-widget__width-auto elementor-widget elementor-widget-image\" data-id=\"74df1f1\" data-element_type=\"widget\" data-widget_type=\"image.default\">\n\t\t\t\t<div class=\"elementor-widget-container\">\n\t\t\t\t\t\t\t\t\t\t\t\t\t<img decoding=\"async\" width=\"120\" height=\"305\" src=\"https:\/\/drlianbeauty.com\/wp-content\/uploads\/2021\/08\/sf-3-copy.png\" class=\"attachment-full size-full wp-image-148\" alt=\"\" srcset=\"https:\/\/drlianbeauty.com\/wp-content\/uploads\/2021\/08\/sf-3-copy.png 120w, https:\/\/drlianbeauty.com\/wp-content\/uploads\/2021\/08\/sf-3-copy-118x300.png 118w\" sizes=\"(max-width: 120px) 100vw, 120px\" \/>\t\t\t\t\t\t\t\t\t\t\t\t\t<\/div>\n\t\t\t\t<\/div>\n\t\t\t\t<div class=\"elementor-element elementor-element-21d9416 elementor-widget elementor-widget-heading\" data-id=\"21d9416\" data-element_type=\"widget\" data-widget_type=\"heading.default\">\n\t\t\t\t<div class=\"elementor-widget-container\">\n\t\t\t<style>\/*! elementor - v3.20.0 - 13-03-2024 *\/\n.elementor-heading-title{padding:0;margin:0;line-height:1}.elementor-widget-heading .elementor-heading-title[class*=elementor-size-]>a{color:inherit;font-size:inherit;line-height:inherit}.elementor-widget-heading .elementor-heading-title.elementor-size-small{font-size:15px}.elementor-widget-heading .elementor-heading-title.elementor-size-medium{font-size:19px}.elementor-widget-heading .elementor-heading-title.elementor-size-large{font-size:29px}.elementor-widget-heading .elementor-heading-title.elementor-size-xl{font-size:39px}.elementor-widget-heading .elementor-heading-title.elementor-size-xxl{font-size:59px}<\/style><div class=\"elementor-heading-title elementor-size-default\">Service<\/div>\t\t<\/div>\n\t\t\t\t<\/div>\n\t\t\t\t<div class=\"elementor-element elementor-element-464aa92 elementor-widget elementor-widget-text-editor\" data-id=\"464aa92\" data-element_type=\"widget\" data-widget_type=\"text-editor.default\">\n\t\t\t\t<div class=\"elementor-widget-container\">\n\t\t\t<style>\/*! elementor - v3.20.0 - 13-03-2024 *\/\n.elementor-widget-text-editor.elementor-drop-cap-view-stacked .elementor-drop-cap{background-color:#69727d;color:#fff}.elementor-widget-text-editor.elementor-drop-cap-view-framed .elementor-drop-cap{color:#69727d;border:3px solid;background-color:transparent}.elementor-widget-text-editor:not(.elementor-drop-cap-view-default) .elementor-drop-cap{margin-top:8px}.elementor-widget-text-editor:not(.elementor-drop-cap-view-default) .elementor-drop-cap-letter{width:1em;height:1em}.elementor-widget-text-editor .elementor-drop-cap{float:left;text-align:center;line-height:1;font-size:50px}.elementor-widget-text-editor .elementor-drop-cap-letter{display:inline-block}<\/style>\t\t\t\t<ul><li><a href=\"https:\/\/drlianbeauty.com\/fr\/services\/chronic-migraine-therapy\/\">Migraines chroniques<\/a><\/li><li><a href=\"https:\/\/drlianbeauty.com\/fr\/services\/tmj-dysfunction-treatment\/\">Traitement des dysfonctionnements de l&#039;ATM<\/a><\/li><li><a href=\"https:\/\/drlianbeauty.com\/fr\/services\/hyperhidrosis-excessive-sweating\/\">Hyperhidrose : transpiration excessive<\/a><\/li><li><a href=\"https:\/\/drlianbeauty.com\/fr\/services\/Plexr-for-Plantar-Warts\/\">Plexr pour les verrues plantaires<\/a><\/li><li><a href=\"https:\/\/drlianbeauty.com\/fr\/therapies-medicales\/prescriptions-medicales\/\">Prescriptions m\u00e9dicales<\/a><\/li><\/ul>\t\t\t\t\t\t<\/div>\n\t\t\t\t<\/div>\n\t\t\t\t<div class=\"elementor-element elementor-element-f44bdf4 elementor-widget elementor-widget-heading\" data-id=\"f44bdf4\" data-element_type=\"widget\" data-widget_type=\"heading.default\">\n\t\t\t\t<div class=\"elementor-widget-container\">\n\t\t\t<h1 class=\"elementor-heading-title elementor-size-default\">Th\u00e9rapies m\u00e9dicales<\/h1>\t\t<\/div>\n\t\t\t\t<\/div>\n\t\t\t\t\t<\/div>\n\t\t<\/div>\n\t\t\t\t\t<\/div>\n\t\t<\/section>\n\t\t\t\t\t<\/div>\n\t\t<\/div>\n\t\t\t\t\t<\/div>\n\t\t<\/section>\n\t\t\t\t<section class=\"elementor-section elementor-top-section elementor-element elementor-element-fb8cffd elementor-section-full_width elementor-section-height-default elementor-section-height-default\" data-id=\"fb8cffd\" data-element_type=\"section\" data-settings=\"{&quot;background_background&quot;:&quot;classic&quot;,&quot;_ha_eqh_enable&quot;:false}\">\n\t\t\t\t\t\t<div class=\"elementor-container elementor-column-gap-no\">\n\t\t\t\t\t<div class=\"elementor-column elementor-col-100 elementor-top-column elementor-element elementor-element-7df417c\" data-id=\"7df417c\" data-element_type=\"column\">\n\t\t\t<div class=\"elementor-widget-wrap elementor-element-populated\">\n\t\t\t\t\t\t<section class=\"elementor-section elementor-inner-section elementor-element elementor-element-4f44399 elementor-section-boxed elementor-section-height-default elementor-section-height-default\" data-id=\"4f44399\" data-element_type=\"section\" data-settings=\"{&quot;_ha_eqh_enable&quot;:false}\">\n\t\t\t\t\t\t<div class=\"elementor-container elementor-column-gap-no\">\n\t\t\t\t\t<div class=\"elementor-column elementor-col-100 elementor-inner-column elementor-element elementor-element-7957989\" data-id=\"7957989\" data-element_type=\"column\">\n\t\t\t<div class=\"elementor-widget-wrap elementor-element-populated\">\n\t\t\t\t\t\t<div class=\"elementor-element elementor-element-62b9f0a elementor-widget__width-auto elementor-widget elementor-widget-image\" data-id=\"62b9f0a\" data-element_type=\"widget\" data-widget_type=\"image.default\">\n\t\t\t\t<div class=\"elementor-widget-container\">\n\t\t\t\t\t\t\t\t\t\t\t\t\t<img decoding=\"async\" src=\"https:\/\/drlianbeauty.com\/wp-content\/uploads\/elementor\/thumbs\/sf-2-copy-q9egcb6gj0j7gous21njylv998nk0ar7hbvfwlhkko.png\" title=\"Croquis de fleurs en noir et blanc\" alt=\"Croquis de fleurs en noir et blanc\" loading=\"lazy\" \/>\t\t\t\t\t\t\t\t\t\t\t\t\t<\/div>\n\t\t\t\t<\/div>\n\t\t\t\t<div class=\"elementor-element elementor-element-479e8ab elementor-widget elementor-widget-heading\" data-id=\"479e8ab\" data-element_type=\"widget\" data-widget_type=\"heading.default\">\n\t\t\t\t<div class=\"elementor-widget-container\">\n\t\t\t<h2 class=\"elementor-heading-title elementor-size-default\">Tarifs<\/h2>\t\t<\/div>\n\t\t\t\t<\/div>\n\t\t\t\t\t<\/div>\n\t\t<\/div>\n\t\t\t\t\t<\/div>\n\t\t<\/section>\n\t\t\t\t<section class=\"elementor-section elementor-inner-section elementor-element elementor-element-52c878e elementor-section-boxed elementor-section-height-default elementor-section-height-default\" data-id=\"52c878e\" data-element_type=\"section\" data-settings=\"{&quot;_ha_eqh_enable&quot;:false}\">\n\t\t\t\t\t\t<div class=\"elementor-container elementor-column-gap-no\">\n\t\t\t\t\t<div class=\"elementor-column elementor-col-100 elementor-inner-column elementor-element elementor-element-7b0e72d\" data-id=\"7b0e72d\" data-element_type=\"column\">\n\t\t\t<div class=\"elementor-widget-wrap elementor-element-populated\">\n\t\t\t\t\t\t<div class=\"elementor-element elementor-element-9319397 elementor-widget__width-initial elementor-absolute elementor-hidden-tablet elementor-hidden-phone elementor-widget elementor-widget-spacer\" data-id=\"9319397\" data-element_type=\"widget\" data-settings=\"{&quot;_position&quot;:&quot;absolute&quot;}\" data-widget_type=\"spacer.default\">\n\t\t\t\t<div class=\"elementor-widget-container\">\n\t\t\t\t\t<div class=\"elementor-spacer\">\n\t\t\t<div class=\"elementor-spacer-inner\"><\/div>\n\t\t<\/div>\n\t\t\t\t<\/div>\n\t\t\t\t<\/div>\n\t\t\t\t\t<\/div>\n\t\t<\/div>\n\t\t\t\t\t<\/div>\n\t\t<\/section>\n\t\t\t\t<section class=\"elementor-section elementor-inner-section elementor-element elementor-element-b113d4b elementor-section-boxed elementor-section-height-default elementor-section-height-default\" data-id=\"b113d4b\" data-element_type=\"section\" data-settings=\"{&quot;_ha_eqh_enable&quot;:false}\">\n\t\t\t\t\t\t<div class=\"elementor-container elementor-column-gap-no\">\n\t\t\t\t\t<div class=\"elementor-column elementor-col-100 elementor-inner-column elementor-element elementor-element-886ef15\" data-id=\"886ef15\" data-element_type=\"column\" data-settings=\"{&quot;background_background&quot;:&quot;classic&quot;}\">\n\t\t\t<div class=\"elementor-widget-wrap elementor-element-populated\">\n\t\t\t\t\t\t<div class=\"elementor-element elementor-element-9ec65f4 elementor-widget__width-auto elementor-widget elementor-widget-heading\" data-id=\"9ec65f4\" data-element_type=\"widget\" data-widget_type=\"heading.default\">\n\t\t\t\t<div class=\"elementor-widget-container\">\n\t\t\t<h4 class=\"elementor-heading-title elementor-size-default\">Tarifs<\/h4>\t\t<\/div>\n\t\t\t\t<\/div>\n\t\t\t\t<div class=\"elementor-element elementor-element-9a751f1 elementor-widget__width-auto elementor-widget elementor-widget-heading\" data-id=\"9a751f1\" data-element_type=\"widget\" data-widget_type=\"heading.default\">\n\t\t\t\t<div class=\"elementor-widget-container\">\n\t\t\t<h5 class=\"elementor-heading-title elementor-size-default\">Varie<\/h5>\t\t<\/div>\n\t\t\t\t<\/div>\n\t\t\t\t\t<\/div>\n\t\t<\/div>\n\t\t\t\t\t<\/div>\n\t\t<\/section>\n\t\t\t\t<section class=\"elementor-section elementor-inner-section elementor-element elementor-element-28df33b elementor-section-boxed elementor-section-height-default elementor-section-height-default\" data-id=\"28df33b\" data-element_type=\"section\" data-settings=\"{&quot;_ha_eqh_enable&quot;:false}\">\n\t\t\t\t\t\t<div class=\"elementor-container elementor-column-gap-no\">\n\t\t\t\t\t<div class=\"elementor-column elementor-col-100 elementor-inner-column elementor-element elementor-element-42b044c\" data-id=\"42b044c\" data-element_type=\"column\">\n\t\t\t<div class=\"elementor-widget-wrap elementor-element-populated\">\n\t\t\t\t\t\t<div class=\"elementor-element elementor-element-8fe9abc elementor-align-center elementor-mobile-align-justify elementor-widget elementor-widget-global elementor-global-234 elementor-widget-button\" data-id=\"8fe9abc\" data-element_type=\"widget\" data-widget_type=\"button.default\">\n\t\t\t\t<div class=\"elementor-widget-container\">\n\t\t\t\t\t<div class=\"elementor-button-wrapper\">\n\t\t\t<a class=\"elementor-button elementor-button-link elementor-size-sm\" href=\"https:\/\/nhc.janeapp.com\/locations\/limoges-dr-lian-beauty-cosmetic-medicine\/book\" target=\"_blank\">\n\t\t\t\t\t\t<span class=\"elementor-button-content-wrapper\">\n\t\t\t\t\t\t<span class=\"elementor-button-text\">Prendre rendez-vous <\/span>\n\t\t<\/span>\n\t\t\t\t\t<\/a>\n\t\t<\/div>\n\t\t\t\t<\/div>\n\t\t\t\t<\/div>\n\t\t\t\t\t<\/div>\n\t\t<\/div>\n\t\t\t\t\t<\/div>\n\t\t<\/section>\n\t\t\t\t\t<\/div>\n\t\t<\/div>\n\t\t\t\t\t<\/div>\n\t\t<\/section>\n\t\t\t\t<\/div>","protected":false},"excerpt":{"rendered":"<p>Service Migraines chroniques Traitement des dysfonctionnements de l&#039;ATM Hyperhidrose : transpiration excessive Plexr pour les verrues plantaires Prescriptions m\u00e9dicales Th\u00e9rapies m\u00e9dicales Prix Les prix varient Prendre rendez-vous<\/p>","protected":false},"author":1,"featured_media":0,"parent":134,"menu_order":0,"comment_status":"closed","ping_status":"closed","template":"","meta":{"footnotes":""},"class_list":["post-375","page","type-page","status-publish","hentry"],"yoast_head":"<!-- This site is optimized with the Yoast SEO plugin v22.2 - https:\/\/yoast.com\/wordpress\/plugins\/seo\/ -->\n<title>Medical Therapies - Dr. Lian Beauty<\/title>\n<meta name=\"robots\" content=\"index, follow, max-snippet:-1, max-image-preview:large, max-video-preview:-1\" \/>\n<link rel=\"canonical\" href=\"https:\/\/drlianbeauty.com\/fr\/services\/therapies-medicales-2\/\" \/>\n<meta property=\"og:locale\" content=\"fr_FR\" \/>\n<meta property=\"og:type\" content=\"article\" \/>\n<meta property=\"og:title\" content=\"Medical Therapies - Dr. Lian Beauty\" \/>\n<meta property=\"og:description\" content=\"Service Chronic Migraines TMJ Dysfunction Treatment Hyperhidrosis: Excessive Sweating Plexr for Plantar Warts Medical Prescriptions Medical Therapies Prices Pricing Varies Book Appointment\" \/>\n<meta property=\"og:url\" content=\"https:\/\/drlianbeauty.com\/fr\/services\/therapies-medicales-2\/\" \/>\n<meta property=\"og:site_name\" content=\"Dr. Lian Beauty\" \/>\n<meta property=\"article:modified_time\" content=\"2021-11-20T19:24:34+00:00\" \/>\n<meta property=\"og:image\" content=\"https:\/\/drlianbeauty.com\/wp-content\/uploads\/2021\/11\/Dr-Lian-About-1.jpg\" \/>\n<meta name=\"twitter:card\" content=\"summary_large_image\" \/>\n<meta name=\"twitter:label1\" content=\"Dur\u00e9e de lecture estim\u00e9e\" \/>\n\t<meta name=\"twitter:data1\" content=\"1 minute\" \/>\n<script type=\"application\/ld+json\" class=\"yoast-schema-graph\">{\"@context\":\"https:\/\/schema.org\",\"@graph\":[{\"@type\":\"WebPage\",\"@id\":\"https:\/\/drlianbeauty.com\/non-surgical-treatments-eastern-ontario\/medical-therapies\/\",\"url\":\"https:\/\/drlianbeauty.com\/non-surgical-treatments-eastern-ontario\/medical-therapies\/\",\"name\":\"Medical Therapies - Dr. Lian Beauty\",\"isPartOf\":{\"@id\":\"https:\/\/drlianbeauty.com\/#website\"},\"primaryImageOfPage\":{\"@id\":\"https:\/\/drlianbeauty.com\/non-surgical-treatments-eastern-ontario\/medical-therapies\/#primaryimage\"},\"image\":{\"@id\":\"https:\/\/drlianbeauty.com\/non-surgical-treatments-eastern-ontario\/medical-therapies\/#primaryimage\"},\"thumbnailUrl\":\"https:\/\/drlianbeauty.com\/wp-content\/uploads\/2021\/11\/Dr-Lian-About-1.jpg\",\"datePublished\":\"2021-10-26T15:27:50+00:00\",\"dateModified\":\"2021-11-20T19:24:34+00:00\",\"breadcrumb\":{\"@id\":\"https:\/\/drlianbeauty.com\/non-surgical-treatments-eastern-ontario\/medical-therapies\/#breadcrumb\"},\"inLanguage\":\"fr-FR\",\"potentialAction\":[{\"@type\":\"ReadAction\",\"target\":[\"https:\/\/drlianbeauty.com\/non-surgical-treatments-eastern-ontario\/medical-therapies\/\"]}]},{\"@type\":\"ImageObject\",\"inLanguage\":\"fr-FR\",\"@id\":\"https:\/\/drlianbeauty.com\/non-surgical-treatments-eastern-ontario\/medical-therapies\/#primaryimage\",\"url\":\"https:\/\/drlianbeauty.com\/wp-content\/uploads\/2021\/11\/Dr-Lian-About-1.jpg\",\"contentUrl\":\"https:\/\/drlianbeauty.com\/wp-content\/uploads\/2021\/11\/Dr-Lian-About-1.jpg\",\"width\":1000,\"height\":1237},{\"@type\":\"BreadcrumbList\",\"@id\":\"https:\/\/drlianbeauty.com\/non-surgical-treatments-eastern-ontario\/medical-therapies\/#breadcrumb\",\"itemListElement\":[{\"@type\":\"ListItem\",\"position\":1,\"name\":\"Home\",\"item\":\"https:\/\/drlianbeauty.com\/\"},{\"@type\":\"ListItem\",\"position\":2,\"name\":\"Treatments\",\"item\":\"https:\/\/drlianbeauty.com\/non-surgical-treatments-eastern-ontario\/\"},{\"@type\":\"ListItem\",\"position\":3,\"name\":\"Medical Therapies\"}]},{\"@type\":\"WebSite\",\"@id\":\"https:\/\/drlianbeauty.com\/#website\",\"url\":\"https:\/\/drlianbeauty.com\/\",\"name\":\"Dr. Lian Beauty\",\"description\":\"A physician-operated cosmetic clinic founded in 2019 located in the heart of Limoges, Ontario\",\"publisher\":{\"@id\":\"https:\/\/drlianbeauty.com\/#organization\"},\"potentialAction\":[{\"@type\":\"SearchAction\",\"target\":{\"@type\":\"EntryPoint\",\"urlTemplate\":\"https:\/\/drlianbeauty.com\/?s={search_term_string}\"},\"query-input\":\"required name=search_term_string\"}],\"inLanguage\":\"fr-FR\"},{\"@type\":\"Organization\",\"@id\":\"https:\/\/drlianbeauty.com\/#organization\",\"name\":\"Dr. Lian Beauty\",\"url\":\"https:\/\/drlianbeauty.com\/\",\"logo\":{\"@type\":\"ImageObject\",\"inLanguage\":\"fr-FR\",\"@id\":\"https:\/\/drlianbeauty.com\/#\/schema\/logo\/image\/\",\"url\":\"https:\/\/drlianbeauty.com\/wp-content\/uploads\/2021\/08\/Logo-without-name.png\",\"contentUrl\":\"https:\/\/drlianbeauty.com\/wp-content\/uploads\/2021\/08\/Logo-without-name.png\",\"width\":500,\"height\":500,\"caption\":\"Dr. Lian Beauty\"},\"image\":{\"@id\":\"https:\/\/drlianbeauty.com\/#\/schema\/logo\/image\/\"},\"sameAs\":[\"https:\/\/instagram.com\/drlian_beauty\"]}]}<\/script>\n<!-- \/ Yoast SEO plugin. -->","yoast_head_json":{"title":"Medical Therapies - Dr. Lian Beauty","robots":{"index":"index","follow":"follow","max-snippet":"max-snippet:-1","max-image-preview":"max-image-preview:large","max-video-preview":"max-video-preview:-1"},"canonical":"https:\/\/drlianbeauty.com\/fr\/services\/therapies-medicales-2\/","og_locale":"fr_FR","og_type":"article","og_title":"Medical Therapies - Dr. Lian Beauty","og_description":"Service Chronic Migraines TMJ Dysfunction Treatment Hyperhidrosis: Excessive Sweating Plexr for Plantar Warts Medical Prescriptions Medical Therapies Prices Pricing Varies Book Appointment","og_url":"https:\/\/drlianbeauty.com\/fr\/services\/therapies-medicales-2\/","og_site_name":"Dr. Lian Beauty","article_modified_time":"2021-11-20T19:24:34+00:00","og_image":[{"url":"https:\/\/drlianbeauty.com\/wp-content\/uploads\/2021\/11\/Dr-Lian-About-1.jpg"}],"twitter_card":"summary_large_image","twitter_misc":{"Dur\u00e9e de lecture estim\u00e9e":"1 minute"},"schema":{"@context":"https:\/\/schema.org","@graph":[{"@type":"WebPage","@id":"https:\/\/drlianbeauty.com\/non-surgical-treatments-eastern-ontario\/medical-therapies\/","url":"https:\/\/drlianbeauty.com\/non-surgical-treatments-eastern-ontario\/medical-therapies\/","name":"Medical Therapies - Dr. Lian Beauty","isPartOf":{"@id":"https:\/\/drlianbeauty.com\/#website"},"primaryImageOfPage":{"@id":"https:\/\/drlianbeauty.com\/non-surgical-treatments-eastern-ontario\/medical-therapies\/#primaryimage"},"image":{"@id":"https:\/\/drlianbeauty.com\/non-surgical-treatments-eastern-ontario\/medical-therapies\/#primaryimage"},"thumbnailUrl":"https:\/\/drlianbeauty.com\/wp-content\/uploads\/2021\/11\/Dr-Lian-About-1.jpg","datePublished":"2021-10-26T15:27:50+00:00","dateModified":"2021-11-20T19:24:34+00:00","breadcrumb":{"@id":"https:\/\/drlianbeauty.com\/non-surgical-treatments-eastern-ontario\/medical-therapies\/#breadcrumb"},"inLanguage":"fr-FR","potentialAction":[{"@type":"ReadAction","target":["https:\/\/drlianbeauty.com\/non-surgical-treatments-eastern-ontario\/medical-therapies\/"]}]},{"@type":"ImageObject","inLanguage":"fr-FR","@id":"https:\/\/drlianbeauty.com\/non-surgical-treatments-eastern-ontario\/medical-therapies\/#primaryimage","url":"https:\/\/drlianbeauty.com\/wp-content\/uploads\/2021\/11\/Dr-Lian-About-1.jpg","contentUrl":"https:\/\/drlianbeauty.com\/wp-content\/uploads\/2021\/11\/Dr-Lian-About-1.jpg","width":1000,"height":1237},{"@type":"BreadcrumbList","@id":"https:\/\/drlianbeauty.com\/non-surgical-treatments-eastern-ontario\/medical-therapies\/#breadcrumb","itemListElement":[{"@type":"ListItem","position":1,"name":"Home","item":"https:\/\/drlianbeauty.com\/"},{"@type":"ListItem","position":2,"name":"Treatments","item":"https:\/\/drlianbeauty.com\/non-surgical-treatments-eastern-ontario\/"},{"@type":"ListItem","position":3,"name":"Medical Therapies"}]},{"@type":"WebSite","@id":"https:\/\/drlianbeauty.com\/#website","url":"https:\/\/drlianbeauty.com\/","name":"Dr. Lian Beauty","description":"A physician-operated cosmetic clinic founded in 2019 located in the heart of Limoges, Ontario","publisher":{"@id":"https:\/\/drlianbeauty.com\/#organization"},"potentialAction":[{"@type":"SearchAction","target":{"@type":"EntryPoint","urlTemplate":"https:\/\/drlianbeauty.com\/?s={search_term_string}"},"query-input":"required name=search_term_string"}],"inLanguage":"fr-FR"},{"@type":"Organization","@id":"https:\/\/drlianbeauty.com\/#organization","name":"Dr. Lian Beauty","url":"https:\/\/drlianbeauty.com\/","logo":{"@type":"ImageObject","inLanguage":"fr-FR","@id":"https:\/\/drlianbeauty.com\/#\/schema\/logo\/image\/","url":"https:\/\/drlianbeauty.com\/wp-content\/uploads\/2021\/08\/Logo-without-name.png","contentUrl":"https:\/\/drlianbeauty.com\/wp-content\/uploads\/2021\/08\/Logo-without-name.png","width":500,"height":500,"caption":"Dr. Lian Beauty"},"image":{"@id":"https:\/\/drlianbeauty.com\/#\/schema\/logo\/image\/"},"sameAs":["https:\/\/instagram.com\/drlian_beauty"]}]}},"_links":{"self":[{"href":"https:\/\/drlianbeauty.com\/fr\/wp-json\/wp\/v2\/pages\/375","targetHints":{"allow":["GET"]}}],"collection":[{"href":"https:\/\/drlianbeauty.com\/fr\/wp-json\/wp\/v2\/pages"}],"about":[{"href":"https:\/\/drlianbeauty.com\/fr\/wp-json\/wp\/v2\/types\/page"}],"author":[{"embeddable":true,"href":"https:\/\/drlianbeauty.com\/fr\/wp-json\/wp\/v2\/users\/1"}],"replies":[{"embeddable":true,"href":"https:\/\/drlianbeauty.com\/fr\/wp-json\/wp\/v2\/comments?post=375"}],"version-history":[{"count":37,"href":"https:\/\/drlianbeauty.com\/fr\/wp-json\/wp\/v2\/pages\/375\/revisions"}],"predecessor-version":[{"id":1574,"href":"https:\/\/drlianbeauty.com\/fr\/wp-json\/wp\/v2\/pages\/375\/revisions\/1574"}],"up":[{"embeddable":true,"href":"https:\/\/drlianbeauty.com\/fr\/wp-json\/wp\/v2\/pages\/134"}],"wp:attachment":[{"href":"https:\/\/drlianbeauty.com\/fr\/wp-json\/wp\/v2\/media?parent=375"}],"curies":[{"name":"wp","href":"https:\/\/api.w.org\/{rel}","templated":true}]}}