{"id":9260,"date":"2024-08-24T00:42:09","date_gmt":"2024-08-24T00:42:09","guid":{"rendered":"https:\/\/drlianbeauty.com\/?page_id=9260"},"modified":"2024-09-08T12:24:38","modified_gmt":"2024-09-08T12:24:38","slug":"back-to-school-promo","status":"publish","type":"page","link":"https:\/\/drlianbeauty.com\/fr\/promotion-de-la-rentree-scolaire\/","title":{"rendered":"Promotion de la rentr\u00e9e scolaire | Merci | Redirection de r\u00e9servation en ligne"},"content":{"rendered":"<div data-elementor-type=\"wp-page\" data-elementor-id=\"9260\" class=\"elementor elementor-9260\">\n\t\t\t\t\t\t<section class=\"elementor-section elementor-top-section elementor-element elementor-element-723ac09c elementor-section-height-full elementor-section-content-middle elementor-section-full_width elementor-section-items-stretch elementor-reverse-mobile elementor-section-height-default\" data-id=\"723ac09c\" data-element_type=\"section\" data-settings=\"{&quot;background_background&quot;:&quot;classic&quot;,&quot;_ha_eqh_enable&quot;:false}\">\n\t\t\t\t\t\t<div class=\"elementor-container elementor-column-gap-default\">\n\t\t\t\t\t<div class=\"elementor-column elementor-col-50 elementor-top-column elementor-element elementor-element-11470d05\" data-id=\"11470d05\" data-element_type=\"column\">\n\t\t\t<div class=\"elementor-widget-wrap elementor-element-populated\">\n\t\t\t\t\t\t<div class=\"elementor-element elementor-element-abeef59 elementor-widget elementor-widget-html\" data-id=\"abeef59\" data-element_type=\"widget\" data-widget_type=\"html.default\">\n\t\t\t\t<div class=\"elementor-widget-container\">\n\t\t\t<script>\r\n\/* Redirect to an external (or internal) URL WITH a delay *\/\r\nsetTimeout(function() {\r\nlocation.href = 'https:\/\/nhc.janeapp.com\/locations\/limoges-dr-lian-beauty-cosmetic-medicine\/book';\r\n},2000);\r\n<\/script>\r\n\t\t<\/div>\n\t\t\t\t<\/div>\n\t\t\t\t<div class=\"elementor-element elementor-element-a506e4a elementor-widget elementor-widget-heading\" data-id=\"a506e4a\" data-element_type=\"widget\" data-widget_type=\"heading.default\">\n\t\t\t\t<div class=\"elementor-widget-container\">\n\t\t\t<style>\/*! elementor - v3.20.0 - 13-03-2024 *\/\n.elementor-heading-title{padding:0;margin:0;line-height:1}.elementor-widget-heading .elementor-heading-title[class*=elementor-size-]>a{color:inherit;font-size:inherit;line-height:inherit}.elementor-widget-heading .elementor-heading-title.elementor-size-small{font-size:15px}.elementor-widget-heading .elementor-heading-title.elementor-size-medium{font-size:19px}.elementor-widget-heading .elementor-heading-title.elementor-size-large{font-size:29px}.elementor-widget-heading .elementor-heading-title.elementor-size-xl{font-size:39px}.elementor-widget-heading .elementor-heading-title.elementor-size-xxl{font-size:59px}<\/style><h2 class=\"elementor-heading-title elementor-size-default\">Nous vous remercions de l&#039;int\u00e9r\u00eat que vous portez \u00e0 nos produits et traitements de soins de la peau<\/h2>\t\t<\/div>\n\t\t\t\t<\/div>\n\t\t\t\t<div class=\"elementor-element elementor-element-50e660f elementor-widget elementor-widget-text-editor\" data-id=\"50e660f\" data-element_type=\"widget\" data-widget_type=\"text-editor.default\">\n\t\t\t\t<div class=\"elementor-widget-container\">\n\t\t\t<style>\/*! elementor - v3.20.0 - 13-03-2024 *\/\n.elementor-widget-text-editor.elementor-drop-cap-view-stacked .elementor-drop-cap{background-color:#69727d;color:#fff}.elementor-widget-text-editor.elementor-drop-cap-view-framed .elementor-drop-cap{color:#69727d;border:3px solid;background-color:transparent}.elementor-widget-text-editor:not(.elementor-drop-cap-view-default) .elementor-drop-cap{margin-top:8px}.elementor-widget-text-editor:not(.elementor-drop-cap-view-default) .elementor-drop-cap-letter{width:1em;height:1em}.elementor-widget-text-editor .elementor-drop-cap{float:left;text-align:center;line-height:1;font-size:50px}.elementor-widget-text-editor .elementor-drop-cap-letter{display:inline-block}<\/style>\t\t\t\t<p style=\"text-align: center;\">Vous serez redirig\u00e9 vers notre plateforme de r\u00e9servation dans quelques secondes pour finaliser votre r\u00e9servation et s\u00e9curiser votre offre.<\/p><p style=\"text-align: center;\">Merci de rester sur cette page pour \u00e9viter toute interruption.<\/p><p style=\"text-align: center;\">Nous sommes ravis de vous voir bient\u00f4t !<\/p><p style=\"text-align: center;\"><a href=\"https:\/\/nhc.janeapp.com\/locations\/limoges-dr-lian-beauty-cosmetic-medicine\/book\"><b>Cliquez ici si vous n&#039;\u00eates pas automatiquement redirig\u00e9 vers notre plateforme de r\u00e9servation en ligne<\/b><\/a><\/p>\t\t\t\t\t\t<\/div>\n\t\t\t\t<\/div>\n\t\t\t\t\t<\/div>\n\t\t<\/div>\n\t\t\t\t<div class=\"elementor-column elementor-col-50 elementor-top-column elementor-element elementor-element-64aeb64e\" data-id=\"64aeb64e\" data-element_type=\"column\" data-settings=\"{&quot;background_background&quot;:&quot;classic&quot;}\">\n\t\t\t<div class=\"elementor-widget-wrap elementor-element-populated\">\n\t\t\t\t\t\t<div class=\"elementor-element elementor-element-ca51bdf elementor-widget elementor-widget-spacer\" data-id=\"ca51bdf\" data-element_type=\"widget\" data-widget_type=\"spacer.default\">\n\t\t\t\t<div class=\"elementor-widget-container\">\n\t\t\t<style>\/*! elementor - v3.20.0 - 13-03-2024 *\/\n.elementor-column .elementor-spacer-inner{height:var(--spacer-size)}.e-con{--container-widget-width:100%}.e-con-inner>.elementor-widget-spacer,.e-con>.elementor-widget-spacer{width:var(--container-widget-width,var(--spacer-size));--align-self:var(--container-widget-align-self,initial);--flex-shrink:0}.e-con-inner>.elementor-widget-spacer>.elementor-widget-container,.e-con>.elementor-widget-spacer>.elementor-widget-container{height:100%;width:100%}.e-con-inner>.elementor-widget-spacer>.elementor-widget-container>.elementor-spacer,.e-con>.elementor-widget-spacer>.elementor-widget-container>.elementor-spacer{height:100%}.e-con-inner>.elementor-widget-spacer>.elementor-widget-container>.elementor-spacer>.elementor-spacer-inner,.e-con>.elementor-widget-spacer>.elementor-widget-container>.elementor-spacer>.elementor-spacer-inner{height:var(--container-widget-height,var(--spacer-size))}.e-con-inner>.elementor-widget-spacer.elementor-widget-empty,.e-con>.elementor-widget-spacer.elementor-widget-empty{position:relative;min-height:22px;min-width:22px}.e-con-inner>.elementor-widget-spacer.elementor-widget-empty .elementor-widget-empty-icon,.e-con>.elementor-widget-spacer.elementor-widget-empty .elementor-widget-empty-icon{position:absolute;top:0;bottom:0;left:0;right:0;margin:auto;padding:0;width:22px;height:22px}<\/style>\t\t<div class=\"elementor-spacer\">\n\t\t\t<div class=\"elementor-spacer-inner\"><\/div>\n\t\t<\/div>\n\t\t\t\t<\/div>\n\t\t\t\t<\/div>\n\t\t\t\t\t<\/div>\n\t\t<\/div>\n\t\t\t\t\t<\/div>\n\t\t<\/section>\n\t\t\t\t<\/div>","protected":false},"excerpt":{"rendered":"<p>Thank you for your interest in our skincare products and treatments You\u2019ll be redirected to our booking platform in just a few seconds to complete your booking and secure your offer. Please stay on this page to avoid any interruptions. We&#8217;re excited to see you soon! Click here if you are not automatically redirected to [&hellip;]<\/p>","protected":false},"author":6,"featured_media":0,"parent":0,"menu_order":0,"comment_status":"closed","ping_status":"closed","template":"elementor_canvas","meta":{"footnotes":""},"class_list":["post-9260","page","type-page","status-publish","hentry"],"yoast_head":"<!-- This site is optimized with the Yoast SEO plugin v22.2 - https:\/\/yoast.com\/wordpress\/plugins\/seo\/ -->\n<title>Thank You | Contact Us | Dr. Lian Beauty<\/title>\n<meta name=\"robots\" content=\"noindex, follow\" \/>\n<meta property=\"og:locale\" content=\"fr_FR\" \/>\n<meta property=\"og:type\" content=\"article\" \/>\n<meta property=\"og:title\" content=\"Thank You | Contact Us | Dr. Lian Beauty\" \/>\n<meta property=\"og:description\" content=\"Thank you for your interest in our skincare products and treatments You\u2019ll be redirected to our booking platform in just a few seconds to complete your booking and secure your offer. Please stay on this page to avoid any interruptions. We&#8217;re excited to see you soon! Click here if you are not automatically redirected to [&hellip;]\" \/>\n<meta property=\"og:url\" content=\"https:\/\/drlianbeauty.com\/fr\/promotion-de-la-rentree-scolaire\/\" \/>\n<meta property=\"og:site_name\" content=\"Dr. Lian Beauty\" \/>\n<meta property=\"article:modified_time\" content=\"2024-09-08T12:24:38+00:00\" \/>\n<meta name=\"twitter:card\" content=\"summary_large_image\" \/>\n<meta name=\"twitter:label1\" content=\"Dur\u00e9e de lecture estim\u00e9e\" \/>\n\t<meta name=\"twitter:data1\" content=\"1 minute\" \/>\n<script type=\"application\/ld+json\" class=\"yoast-schema-graph\">{\"@context\":\"https:\/\/schema.org\",\"@graph\":[{\"@type\":\"WebPage\",\"@id\":\"https:\/\/drlianbeauty.com\/back-to-school-promo\/\",\"url\":\"https:\/\/drlianbeauty.com\/back-to-school-promo\/\",\"name\":\"Thank You | Contact Us | Dr. Lian Beauty\",\"isPartOf\":{\"@id\":\"https:\/\/drlianbeauty.com\/#website\"},\"datePublished\":\"2024-08-24T00:42:09+00:00\",\"dateModified\":\"2024-09-08T12:24:38+00:00\",\"breadcrumb\":{\"@id\":\"https:\/\/drlianbeauty.com\/back-to-school-promo\/#breadcrumb\"},\"inLanguage\":\"fr-FR\",\"potentialAction\":[{\"@type\":\"ReadAction\",\"target\":[\"https:\/\/drlianbeauty.com\/back-to-school-promo\/\"]}]},{\"@type\":\"BreadcrumbList\",\"@id\":\"https:\/\/drlianbeauty.com\/back-to-school-promo\/#breadcrumb\",\"itemListElement\":[{\"@type\":\"ListItem\",\"position\":1,\"name\":\"Home\",\"item\":\"https:\/\/drlianbeauty.com\/\"},{\"@type\":\"ListItem\",\"position\":2,\"name\":\"Back To School Promo |Thank you | Online Booking Redirect\"}]},{\"@type\":\"WebSite\",\"@id\":\"https:\/\/drlianbeauty.com\/#website\",\"url\":\"https:\/\/drlianbeauty.com\/\",\"name\":\"Dr. Lian Beauty\",\"description\":\"A physician-operated cosmetic clinic founded in 2019 located in the heart of Limoges, Ontario\",\"publisher\":{\"@id\":\"https:\/\/drlianbeauty.com\/#organization\"},\"potentialAction\":[{\"@type\":\"SearchAction\",\"target\":{\"@type\":\"EntryPoint\",\"urlTemplate\":\"https:\/\/drlianbeauty.com\/?s={search_term_string}\"},\"query-input\":\"required name=search_term_string\"}],\"inLanguage\":\"fr-FR\"},{\"@type\":\"Organization\",\"@id\":\"https:\/\/drlianbeauty.com\/#organization\",\"name\":\"Dr. Lian Beauty\",\"url\":\"https:\/\/drlianbeauty.com\/\",\"logo\":{\"@type\":\"ImageObject\",\"inLanguage\":\"fr-FR\",\"@id\":\"https:\/\/drlianbeauty.com\/#\/schema\/logo\/image\/\",\"url\":\"https:\/\/drlianbeauty.com\/wp-content\/uploads\/2021\/08\/Logo-without-name.png\",\"contentUrl\":\"https:\/\/drlianbeauty.com\/wp-content\/uploads\/2021\/08\/Logo-without-name.png\",\"width\":500,\"height\":500,\"caption\":\"Dr. Lian Beauty\"},\"image\":{\"@id\":\"https:\/\/drlianbeauty.com\/#\/schema\/logo\/image\/\"},\"sameAs\":[\"https:\/\/instagram.com\/drlian_beauty\"]}]}<\/script>\n<!-- \/ Yoast SEO plugin. -->","yoast_head_json":{"title":"Thank You | Contact Us | Dr. Lian Beauty","robots":{"index":"noindex","follow":"follow"},"og_locale":"fr_FR","og_type":"article","og_title":"Thank You | Contact Us | Dr. Lian Beauty","og_description":"Thank you for your interest in our skincare products and treatments You\u2019ll be redirected to our booking platform in just a few seconds to complete your booking and secure your offer. Please stay on this page to avoid any interruptions. We&#8217;re excited to see you soon! Click here if you are not automatically redirected to [&hellip;]","og_url":"https:\/\/drlianbeauty.com\/fr\/promotion-de-la-rentree-scolaire\/","og_site_name":"Dr. Lian Beauty","article_modified_time":"2024-09-08T12:24:38+00:00","twitter_card":"summary_large_image","twitter_misc":{"Dur\u00e9e de lecture estim\u00e9e":"1 minute"},"schema":{"@context":"https:\/\/schema.org","@graph":[{"@type":"WebPage","@id":"https:\/\/drlianbeauty.com\/back-to-school-promo\/","url":"https:\/\/drlianbeauty.com\/back-to-school-promo\/","name":"Thank You | Contact Us | Dr. Lian Beauty","isPartOf":{"@id":"https:\/\/drlianbeauty.com\/#website"},"datePublished":"2024-08-24T00:42:09+00:00","dateModified":"2024-09-08T12:24:38+00:00","breadcrumb":{"@id":"https:\/\/drlianbeauty.com\/back-to-school-promo\/#breadcrumb"},"inLanguage":"fr-FR","potentialAction":[{"@type":"ReadAction","target":["https:\/\/drlianbeauty.com\/back-to-school-promo\/"]}]},{"@type":"BreadcrumbList","@id":"https:\/\/drlianbeauty.com\/back-to-school-promo\/#breadcrumb","itemListElement":[{"@type":"ListItem","position":1,"name":"Home","item":"https:\/\/drlianbeauty.com\/"},{"@type":"ListItem","position":2,"name":"Back To School Promo |Thank you | Online Booking Redirect"}]},{"@type":"WebSite","@id":"https:\/\/drlianbeauty.com\/#website","url":"https:\/\/drlianbeauty.com\/","name":"Dr. Lian Beauty","description":"A physician-operated cosmetic clinic founded in 2019 located in the heart of Limoges, Ontario","publisher":{"@id":"https:\/\/drlianbeauty.com\/#organization"},"potentialAction":[{"@type":"SearchAction","target":{"@type":"EntryPoint","urlTemplate":"https:\/\/drlianbeauty.com\/?s={search_term_string}"},"query-input":"required name=search_term_string"}],"inLanguage":"fr-FR"},{"@type":"Organization","@id":"https:\/\/drlianbeauty.com\/#organization","name":"Dr. Lian Beauty","url":"https:\/\/drlianbeauty.com\/","logo":{"@type":"ImageObject","inLanguage":"fr-FR","@id":"https:\/\/drlianbeauty.com\/#\/schema\/logo\/image\/","url":"https:\/\/drlianbeauty.com\/wp-content\/uploads\/2021\/08\/Logo-without-name.png","contentUrl":"https:\/\/drlianbeauty.com\/wp-content\/uploads\/2021\/08\/Logo-without-name.png","width":500,"height":500,"caption":"Dr. Lian Beauty"},"image":{"@id":"https:\/\/drlianbeauty.com\/#\/schema\/logo\/image\/"},"sameAs":["https:\/\/instagram.com\/drlian_beauty"]}]}},"_links":{"self":[{"href":"https:\/\/drlianbeauty.com\/fr\/wp-json\/wp\/v2\/pages\/9260","targetHints":{"allow":["GET"]}}],"collection":[{"href":"https:\/\/drlianbeauty.com\/fr\/wp-json\/wp\/v2\/pages"}],"about":[{"href":"https:\/\/drlianbeauty.com\/fr\/wp-json\/wp\/v2\/types\/page"}],"author":[{"embeddable":true,"href":"https:\/\/drlianbeauty.com\/fr\/wp-json\/wp\/v2\/users\/6"}],"replies":[{"embeddable":true,"href":"https:\/\/drlianbeauty.com\/fr\/wp-json\/wp\/v2\/comments?post=9260"}],"version-history":[{"count":29,"href":"https:\/\/drlianbeauty.com\/fr\/wp-json\/wp\/v2\/pages\/9260\/revisions"}],"predecessor-version":[{"id":9409,"href":"https:\/\/drlianbeauty.com\/fr\/wp-json\/wp\/v2\/pages\/9260\/revisions\/9409"}],"wp:attachment":[{"href":"https:\/\/drlianbeauty.com\/fr\/wp-json\/wp\/v2\/media?parent=9260"}],"curies":[{"name":"wp","href":"https:\/\/api.w.org\/{rel}","templated":true}]}}