{"id":9351,"date":"2024-09-02T03:31:48","date_gmt":"2024-09-02T03:31:48","guid":{"rendered":"https:\/\/drlianbeauty.com\/?page_id=9351"},"modified":"2024-09-02T03:31:48","modified_gmt":"2024-09-02T03:31:48","slug":"laser-hair-removal-appointment-thank-you-online-booking-redirect","status":"publish","type":"page","link":"https:\/\/drlianbeauty.com\/fr\/rendez-vous-epilation-laser-merci-reservation-en-ligne-redirection\/","title":{"rendered":"Rendez-vous pour l&#039;\u00e9pilation au laser | Merci | Redirection de r\u00e9servation en ligne"},"content":{"rendered":"<div data-elementor-type=\"wp-page\" data-elementor-id=\"9351\" class=\"elementor elementor-9351\">\n\t\t\t\t\t\t<section class=\"elementor-section elementor-top-section elementor-element elementor-element-68e9faef elementor-section-content-middle elementor-reverse-mobile elementor-section-height-min-height elementor-section-boxed elementor-section-height-default elementor-section-items-middle\" data-id=\"68e9faef\" data-element_type=\"section\" data-settings=\"{&quot;background_background&quot;:&quot;classic&quot;,&quot;_ha_eqh_enable&quot;:false}\">\n\t\t\t\t\t\t\t<div class=\"elementor-background-overlay\"><\/div>\n\t\t\t\t\t\t\t<div class=\"elementor-container elementor-column-gap-narrow\">\n\t\t\t\t\t<div class=\"elementor-column elementor-col-100 elementor-top-column elementor-element elementor-element-502f6b8\" data-id=\"502f6b8\" data-element_type=\"column\">\n\t\t\t<div class=\"elementor-widget-wrap elementor-element-populated\">\n\t\t\t\t\t\t<div class=\"elementor-element elementor-element-0150a20 elementor-widget elementor-widget-html\" data-id=\"0150a20\" data-element_type=\"widget\" data-widget_type=\"html.default\">\n\t\t\t\t<div class=\"elementor-widget-container\">\n\t\t\t<script>\r\n\/* Redirect to an external (or internal) URL WITH a delay *\/\r\nsetTimeout(function() {\r\nlocation.href = 'https:\/\/nhc.janeapp.com\/locations\/limoges-dr-lian-beauty-cosmetic-medicine\/book';\r\n},4000);\r\n<\/script>\t\t<\/div>\n\t\t\t\t<\/div>\n\t\t\t\t<div class=\"elementor-element elementor-element-48e0eef5 elementor-widget elementor-widget-heading\" data-id=\"48e0eef5\" data-element_type=\"widget\" data-widget_type=\"heading.default\">\n\t\t\t\t<div class=\"elementor-widget-container\">\n\t\t\t<style>\/*! elementor - v3.20.0 - 13-03-2024 *\/\n.elementor-heading-title{padding:0;margin:0;line-height:1}.elementor-widget-heading .elementor-heading-title[class*=elementor-size-]>a{color:inherit;font-size:inherit;line-height:inherit}.elementor-widget-heading .elementor-heading-title.elementor-size-small{font-size:15px}.elementor-widget-heading .elementor-heading-title.elementor-size-medium{font-size:19px}.elementor-widget-heading .elementor-heading-title.elementor-size-large{font-size:29px}.elementor-widget-heading .elementor-heading-title.elementor-size-xl{font-size:39px}.elementor-widget-heading .elementor-heading-title.elementor-size-xxl{font-size:59px}<\/style><h2 class=\"elementor-heading-title elementor-size-default\">Restez avec nous...Votre r\u00e9servation est presque termin\u00e9e<\/h2>\t\t<\/div>\n\t\t\t\t<\/div>\n\t\t\t\t<div class=\"elementor-element elementor-element-341be96 elementor-widget elementor-widget-text-editor\" data-id=\"341be96\" data-element_type=\"widget\" data-widget_type=\"text-editor.default\">\n\t\t\t\t<div class=\"elementor-widget-container\">\n\t\t\t<style>\/*! elementor - v3.20.0 - 13-03-2024 *\/\n.elementor-widget-text-editor.elementor-drop-cap-view-stacked .elementor-drop-cap{background-color:#69727d;color:#fff}.elementor-widget-text-editor.elementor-drop-cap-view-framed .elementor-drop-cap{color:#69727d;border:3px solid;background-color:transparent}.elementor-widget-text-editor:not(.elementor-drop-cap-view-default) .elementor-drop-cap{margin-top:8px}.elementor-widget-text-editor:not(.elementor-drop-cap-view-default) .elementor-drop-cap-letter{width:1em;height:1em}.elementor-widget-text-editor .elementor-drop-cap{float:left;text-align:center;line-height:1;font-size:50px}.elementor-widget-text-editor .elementor-drop-cap-letter{display:inline-block}<\/style>\t\t\t\t<p>Vous serez automatiquement redirig\u00e9 vers notre plateforme de r\u00e9servation en ligne pour choisir une date et une heure pr\u00e9f\u00e9r\u00e9es pour votre s\u00e9ance\u2026<\/p>\t\t\t\t\t\t<\/div>\n\t\t\t\t<\/div>\n\t\t\t\t<div class=\"elementor-element elementor-element-871b17e elementor-widget elementor-widget-text-editor\" data-id=\"871b17e\" data-element_type=\"widget\" data-widget_type=\"text-editor.default\">\n\t\t\t\t<div class=\"elementor-widget-container\">\n\t\t\t\t\t\t\t<p style=\"text-align: center;\"><a href=\"https:\/\/nhc.janeapp.com\/locations\/limoges-dr-lian-beauty-cosmetic-medicine\/book\"><strong>Cliquez ici si vous n&#039;\u00eates pas automatiquement redirig\u00e9 vers notre plateforme de r\u00e9servation en ligne<\/strong><\/a><\/p>\t\t\t\t\t\t<\/div>\n\t\t\t\t<\/div>\n\t\t\t\t<div class=\"elementor-element elementor-element-431bb8f elementor-widget-divider--view-line elementor-widget elementor-widget-divider\" data-id=\"431bb8f\" data-element_type=\"widget\" data-widget_type=\"divider.default\">\n\t\t\t\t<div class=\"elementor-widget-container\">\n\t\t\t<style>\/*! elementor - v3.20.0 - 13-03-2024 *\/\n.elementor-widget-divider{--divider-border-style:none;--divider-border-width:1px;--divider-color:#0c0d0e;--divider-icon-size:20px;--divider-element-spacing:10px;--divider-pattern-height:24px;--divider-pattern-size:20px;--divider-pattern-url:none;--divider-pattern-repeat:repeat-x}.elementor-widget-divider .elementor-divider{display:flex}.elementor-widget-divider .elementor-divider__text{font-size:15px;line-height:1;max-width:95%}.elementor-widget-divider .elementor-divider__element{margin:0 var(--divider-element-spacing);flex-shrink:0}.elementor-widget-divider .elementor-icon{font-size:var(--divider-icon-size)}.elementor-widget-divider .elementor-divider-separator{display:flex;margin:0;direction:ltr}.elementor-widget-divider--view-line_icon .elementor-divider-separator,.elementor-widget-divider--view-line_text .elementor-divider-separator{align-items:center}.elementor-widget-divider--view-line_icon .elementor-divider-separator:after,.elementor-widget-divider--view-line_icon .elementor-divider-separator:before,.elementor-widget-divider--view-line_text .elementor-divider-separator:after,.elementor-widget-divider--view-line_text .elementor-divider-separator:before{display:block;content:\"\";border-block-end:0;flex-grow:1;border-block-start:var(--divider-border-width) var(--divider-border-style) var(--divider-color)}.elementor-widget-divider--element-align-left .elementor-divider .elementor-divider-separator>.elementor-divider__svg:first-of-type{flex-grow:0;flex-shrink:100}.elementor-widget-divider--element-align-left .elementor-divider-separator:before{content:none}.elementor-widget-divider--element-align-left .elementor-divider__element{margin-left:0}.elementor-widget-divider--element-align-right .elementor-divider .elementor-divider-separator>.elementor-divider__svg:last-of-type{flex-grow:0;flex-shrink:100}.elementor-widget-divider--element-align-right .elementor-divider-separator:after{content:none}.elementor-widget-divider--element-align-right .elementor-divider__element{margin-right:0}.elementor-widget-divider--element-align-start .elementor-divider .elementor-divider-separator>.elementor-divider__svg:first-of-type{flex-grow:0;flex-shrink:100}.elementor-widget-divider--element-align-start .elementor-divider-separator:before{content:none}.elementor-widget-divider--element-align-start .elementor-divider__element{margin-inline-start:0}.elementor-widget-divider--element-align-end .elementor-divider .elementor-divider-separator>.elementor-divider__svg:last-of-type{flex-grow:0;flex-shrink:100}.elementor-widget-divider--element-align-end .elementor-divider-separator:after{content:none}.elementor-widget-divider--element-align-end .elementor-divider__element{margin-inline-end:0}.elementor-widget-divider:not(.elementor-widget-divider--view-line_text):not(.elementor-widget-divider--view-line_icon) .elementor-divider-separator{border-block-start:var(--divider-border-width) var(--divider-border-style) var(--divider-color)}.elementor-widget-divider--separator-type-pattern{--divider-border-style:none}.elementor-widget-divider--separator-type-pattern.elementor-widget-divider--view-line .elementor-divider-separator,.elementor-widget-divider--separator-type-pattern:not(.elementor-widget-divider--view-line) .elementor-divider-separator:after,.elementor-widget-divider--separator-type-pattern:not(.elementor-widget-divider--view-line) .elementor-divider-separator:before,.elementor-widget-divider--separator-type-pattern:not([class*=elementor-widget-divider--view]) .elementor-divider-separator{width:100%;min-height:var(--divider-pattern-height);-webkit-mask-size:var(--divider-pattern-size) 100%;mask-size:var(--divider-pattern-size) 100%;-webkit-mask-repeat:var(--divider-pattern-repeat);mask-repeat:var(--divider-pattern-repeat);background-color:var(--divider-color);-webkit-mask-image:var(--divider-pattern-url);mask-image:var(--divider-pattern-url)}.elementor-widget-divider--no-spacing{--divider-pattern-size:auto}.elementor-widget-divider--bg-round{--divider-pattern-repeat:round}.rtl .elementor-widget-divider .elementor-divider__text{direction:rtl}.e-con-inner>.elementor-widget-divider,.e-con>.elementor-widget-divider{width:var(--container-widget-width,100%);--flex-grow:var(--container-widget-flex-grow)}<\/style>\t\t<div class=\"elementor-divider\">\n\t\t\t<span class=\"elementor-divider-separator\">\n\t\t\t\t\t\t<\/span>\n\t\t<\/div>\n\t\t\t\t<\/div>\n\t\t\t\t<\/div>\n\t\t\t\t\t<\/div>\n\t\t<\/div>\n\t\t\t\t\t<\/div>\n\t\t<\/section>\n\t\t\t\t<\/div>","protected":false},"excerpt":{"rendered":"<p>Stay with us&#8230;Your booking is almost complete You will be automatically redirected to our online booking platform to choose a preferred date and time for your session&#8230; Click here if you are not automatically redirected to our online booking platform<\/p>","protected":false},"author":6,"featured_media":0,"parent":0,"menu_order":0,"comment_status":"closed","ping_status":"closed","template":"elementor_canvas","meta":{"footnotes":""},"class_list":["post-9351","page","type-page","status-publish","hentry"],"yoast_head":"<!-- This site is optimized with the Yoast SEO plugin v22.2 - https:\/\/yoast.com\/wordpress\/plugins\/seo\/ -->\n<title>Thank You | Contact Us | Dr. Lian Beauty<\/title>\n<meta name=\"robots\" content=\"noindex, nofollow\" \/>\n<meta property=\"og:locale\" content=\"fr_FR\" \/>\n<meta property=\"og:type\" content=\"article\" \/>\n<meta property=\"og:title\" content=\"Thank You | Contact Us | Dr. Lian Beauty\" \/>\n<meta property=\"og:description\" content=\"Stay with us&#8230;Your booking is almost complete You will be automatically redirected to our online booking platform to choose a preferred date and time for your session&#8230; Click here if you are not automatically redirected to our online booking platform\" \/>\n<meta property=\"og:url\" content=\"https:\/\/drlianbeauty.com\/fr\/rendez-vous-epilation-laser-merci-reservation-en-ligne-redirection\/\" \/>\n<meta property=\"og:site_name\" content=\"Dr. Lian Beauty\" \/>\n<meta name=\"twitter:card\" content=\"summary_large_image\" \/>\n<meta name=\"twitter:label1\" content=\"Dur\u00e9e de lecture estim\u00e9e\" \/>\n\t<meta name=\"twitter:data1\" content=\"1 minute\" \/>\n<script type=\"application\/ld+json\" class=\"yoast-schema-graph\">{\"@context\":\"https:\/\/schema.org\",\"@graph\":[{\"@type\":\"WebPage\",\"@id\":\"https:\/\/drlianbeauty.com\/laser-hair-removal-appointment-thank-you-online-booking-redirect\/\",\"url\":\"https:\/\/drlianbeauty.com\/laser-hair-removal-appointment-thank-you-online-booking-redirect\/\",\"name\":\"Thank You | Contact Us | Dr. Lian Beauty\",\"isPartOf\":{\"@id\":\"https:\/\/drlianbeauty.com\/#website\"},\"datePublished\":\"2024-09-02T03:31:48+00:00\",\"dateModified\":\"2024-09-02T03:31:48+00:00\",\"breadcrumb\":{\"@id\":\"https:\/\/drlianbeauty.com\/laser-hair-removal-appointment-thank-you-online-booking-redirect\/#breadcrumb\"},\"inLanguage\":\"fr-FR\",\"potentialAction\":[{\"@type\":\"ReadAction\",\"target\":[\"https:\/\/drlianbeauty.com\/laser-hair-removal-appointment-thank-you-online-booking-redirect\/\"]}]},{\"@type\":\"BreadcrumbList\",\"@id\":\"https:\/\/drlianbeauty.com\/laser-hair-removal-appointment-thank-you-online-booking-redirect\/#breadcrumb\",\"itemListElement\":[{\"@type\":\"ListItem\",\"position\":1,\"name\":\"Home\",\"item\":\"https:\/\/drlianbeauty.com\/\"},{\"@type\":\"ListItem\",\"position\":2,\"name\":\"Laser Hair Removal Appointment |Thank you | Online Booking Redirect\"}]},{\"@type\":\"WebSite\",\"@id\":\"https:\/\/drlianbeauty.com\/#website\",\"url\":\"https:\/\/drlianbeauty.com\/\",\"name\":\"Dr. Lian Beauty\",\"description\":\"A physician-operated cosmetic clinic founded in 2019 located in the heart of Limoges, Ontario\",\"publisher\":{\"@id\":\"https:\/\/drlianbeauty.com\/#organization\"},\"potentialAction\":[{\"@type\":\"SearchAction\",\"target\":{\"@type\":\"EntryPoint\",\"urlTemplate\":\"https:\/\/drlianbeauty.com\/?s={search_term_string}\"},\"query-input\":\"required name=search_term_string\"}],\"inLanguage\":\"fr-FR\"},{\"@type\":\"Organization\",\"@id\":\"https:\/\/drlianbeauty.com\/#organization\",\"name\":\"Dr. Lian Beauty\",\"url\":\"https:\/\/drlianbeauty.com\/\",\"logo\":{\"@type\":\"ImageObject\",\"inLanguage\":\"fr-FR\",\"@id\":\"https:\/\/drlianbeauty.com\/#\/schema\/logo\/image\/\",\"url\":\"https:\/\/drlianbeauty.com\/wp-content\/uploads\/2021\/08\/Logo-without-name.png\",\"contentUrl\":\"https:\/\/drlianbeauty.com\/wp-content\/uploads\/2021\/08\/Logo-without-name.png\",\"width\":500,\"height\":500,\"caption\":\"Dr. Lian Beauty\"},\"image\":{\"@id\":\"https:\/\/drlianbeauty.com\/#\/schema\/logo\/image\/\"},\"sameAs\":[\"https:\/\/instagram.com\/drlian_beauty\"]}]}<\/script>\n<!-- \/ Yoast SEO plugin. -->","yoast_head_json":{"title":"Thank You | Contact Us | Dr. Lian Beauty","robots":{"index":"noindex","follow":"nofollow"},"og_locale":"fr_FR","og_type":"article","og_title":"Thank You | Contact Us | Dr. Lian Beauty","og_description":"Stay with us&#8230;Your booking is almost complete You will be automatically redirected to our online booking platform to choose a preferred date and time for your session&#8230; Click here if you are not automatically redirected to our online booking platform","og_url":"https:\/\/drlianbeauty.com\/fr\/rendez-vous-epilation-laser-merci-reservation-en-ligne-redirection\/","og_site_name":"Dr. Lian Beauty","twitter_card":"summary_large_image","twitter_misc":{"Dur\u00e9e de lecture estim\u00e9e":"1 minute"},"schema":{"@context":"https:\/\/schema.org","@graph":[{"@type":"WebPage","@id":"https:\/\/drlianbeauty.com\/laser-hair-removal-appointment-thank-you-online-booking-redirect\/","url":"https:\/\/drlianbeauty.com\/laser-hair-removal-appointment-thank-you-online-booking-redirect\/","name":"Thank You | Contact Us | Dr. Lian Beauty","isPartOf":{"@id":"https:\/\/drlianbeauty.com\/#website"},"datePublished":"2024-09-02T03:31:48+00:00","dateModified":"2024-09-02T03:31:48+00:00","breadcrumb":{"@id":"https:\/\/drlianbeauty.com\/laser-hair-removal-appointment-thank-you-online-booking-redirect\/#breadcrumb"},"inLanguage":"fr-FR","potentialAction":[{"@type":"ReadAction","target":["https:\/\/drlianbeauty.com\/laser-hair-removal-appointment-thank-you-online-booking-redirect\/"]}]},{"@type":"BreadcrumbList","@id":"https:\/\/drlianbeauty.com\/laser-hair-removal-appointment-thank-you-online-booking-redirect\/#breadcrumb","itemListElement":[{"@type":"ListItem","position":1,"name":"Home","item":"https:\/\/drlianbeauty.com\/"},{"@type":"ListItem","position":2,"name":"Laser Hair Removal Appointment |Thank you | Online Booking Redirect"}]},{"@type":"WebSite","@id":"https:\/\/drlianbeauty.com\/#website","url":"https:\/\/drlianbeauty.com\/","name":"Dr. Lian Beauty","description":"A physician-operated cosmetic clinic founded in 2019 located in the heart of Limoges, Ontario","publisher":{"@id":"https:\/\/drlianbeauty.com\/#organization"},"potentialAction":[{"@type":"SearchAction","target":{"@type":"EntryPoint","urlTemplate":"https:\/\/drlianbeauty.com\/?s={search_term_string}"},"query-input":"required name=search_term_string"}],"inLanguage":"fr-FR"},{"@type":"Organization","@id":"https:\/\/drlianbeauty.com\/#organization","name":"Dr. Lian Beauty","url":"https:\/\/drlianbeauty.com\/","logo":{"@type":"ImageObject","inLanguage":"fr-FR","@id":"https:\/\/drlianbeauty.com\/#\/schema\/logo\/image\/","url":"https:\/\/drlianbeauty.com\/wp-content\/uploads\/2021\/08\/Logo-without-name.png","contentUrl":"https:\/\/drlianbeauty.com\/wp-content\/uploads\/2021\/08\/Logo-without-name.png","width":500,"height":500,"caption":"Dr. Lian Beauty"},"image":{"@id":"https:\/\/drlianbeauty.com\/#\/schema\/logo\/image\/"},"sameAs":["https:\/\/instagram.com\/drlian_beauty"]}]}},"_links":{"self":[{"href":"https:\/\/drlianbeauty.com\/fr\/wp-json\/wp\/v2\/pages\/9351","targetHints":{"allow":["GET"]}}],"collection":[{"href":"https:\/\/drlianbeauty.com\/fr\/wp-json\/wp\/v2\/pages"}],"about":[{"href":"https:\/\/drlianbeauty.com\/fr\/wp-json\/wp\/v2\/types\/page"}],"author":[{"embeddable":true,"href":"https:\/\/drlianbeauty.com\/fr\/wp-json\/wp\/v2\/users\/6"}],"replies":[{"embeddable":true,"href":"https:\/\/drlianbeauty.com\/fr\/wp-json\/wp\/v2\/comments?post=9351"}],"version-history":[{"count":1,"href":"https:\/\/drlianbeauty.com\/fr\/wp-json\/wp\/v2\/pages\/9351\/revisions"}],"predecessor-version":[{"id":9352,"href":"https:\/\/drlianbeauty.com\/fr\/wp-json\/wp\/v2\/pages\/9351\/revisions\/9352"}],"wp:attachment":[{"href":"https:\/\/drlianbeauty.com\/fr\/wp-json\/wp\/v2\/media?parent=9351"}],"curies":[{"name":"wp","href":"https:\/\/api.w.org\/{rel}","templated":true}]}}