{"id":9899,"date":"2024-10-15T23:55:38","date_gmt":"2024-10-15T23:55:38","guid":{"rendered":"https:\/\/drlianbeauty.com\/?page_id=9899"},"modified":"2024-10-16T00:00:11","modified_gmt":"2024-10-16T00:00:11","slug":"mesoestetic-dermaceutic-skincare-thank-you","status":"publish","type":"page","link":"https:\/\/drlianbeauty.com\/fr\/mesoestetic-dermaceutic-skincare-merci\/","title":{"rendered":"Soins de la peau Mesoestetic &amp; Dermaceutic Merci"},"content":{"rendered":"<div data-elementor-type=\"wp-page\" data-elementor-id=\"9899\" class=\"elementor elementor-9899\">\n\t\t\t\t\t\t<section class=\"elementor-section elementor-top-section elementor-element elementor-element-68e9faef elementor-section-content-middle elementor-reverse-mobile elementor-section-height-min-height elementor-section-boxed elementor-section-height-default elementor-section-items-middle\" data-id=\"68e9faef\" data-element_type=\"section\" data-settings=\"{&quot;background_background&quot;:&quot;classic&quot;,&quot;_ha_eqh_enable&quot;:false}\">\n\t\t\t\t\t\t\t<div class=\"elementor-background-overlay\"><\/div>\n\t\t\t\t\t\t\t<div class=\"elementor-container elementor-column-gap-narrow\">\n\t\t\t\t\t<div class=\"elementor-column elementor-col-100 elementor-top-column elementor-element elementor-element-502f6b8\" data-id=\"502f6b8\" data-element_type=\"column\">\n\t\t\t<div class=\"elementor-widget-wrap elementor-element-populated\">\n\t\t\t\t\t\t<div class=\"elementor-element elementor-element-48e0eef5 elementor-widget elementor-widget-heading\" data-id=\"48e0eef5\" data-element_type=\"widget\" data-widget_type=\"heading.default\">\n\t\t\t\t<div class=\"elementor-widget-container\">\n\t\t\t<style>\/*! elementor - v3.20.0 - 13-03-2024 *\/\n.elementor-heading-title{padding:0;margin:0;line-height:1}.elementor-widget-heading .elementor-heading-title[class*=elementor-size-]>a{color:inherit;font-size:inherit;line-height:inherit}.elementor-widget-heading .elementor-heading-title.elementor-size-small{font-size:15px}.elementor-widget-heading .elementor-heading-title.elementor-size-medium{font-size:19px}.elementor-widget-heading .elementor-heading-title.elementor-size-large{font-size:29px}.elementor-widget-heading .elementor-heading-title.elementor-size-xl{font-size:39px}.elementor-widget-heading .elementor-heading-title.elementor-size-xxl{font-size:59px}<\/style><h2 class=\"elementor-heading-title elementor-size-default\"> Nous vous remercions de votre int\u00e9r\u00eat pour les produits de soins de la peau Mesoestetic &amp; Dermaceutic. <\/h2>\t\t<\/div>\n\t\t\t\t<\/div>\n\t\t\t\t<div class=\"elementor-element elementor-element-341be96 elementor-widget elementor-widget-text-editor\" data-id=\"341be96\" data-element_type=\"widget\" data-widget_type=\"text-editor.default\">\n\t\t\t\t<div class=\"elementor-widget-container\">\n\t\t\t<style>\/*! elementor - v3.20.0 - 13-03-2024 *\/\n.elementor-widget-text-editor.elementor-drop-cap-view-stacked .elementor-drop-cap{background-color:#69727d;color:#fff}.elementor-widget-text-editor.elementor-drop-cap-view-framed .elementor-drop-cap{color:#69727d;border:3px solid;background-color:transparent}.elementor-widget-text-editor:not(.elementor-drop-cap-view-default) .elementor-drop-cap{margin-top:8px}.elementor-widget-text-editor:not(.elementor-drop-cap-view-default) .elementor-drop-cap-letter{width:1em;height:1em}.elementor-widget-text-editor .elementor-drop-cap{float:left;text-align:center;line-height:1;font-size:50px}.elementor-widget-text-editor .elementor-drop-cap-letter{display:inline-block}<\/style>\t\t\t\t<p>Malheureusement, les achats en ligne ne sont pas encore disponibles.<\/p><p>Veuillez vous pr\u00e9senter \u00e0 la r\u00e9ception de notre clinique au troisi\u00e8me \u00e9tage du 601 chemin Limoges afin d&#039;obtenir votre produit d\u00e8s aujourd&#039;hui !<\/p>\t\t\t\t\t\t<\/div>\n\t\t\t\t<\/div>\n\t\t\t\t<div class=\"elementor-element elementor-element-431bb8f elementor-widget-divider--view-line elementor-widget elementor-widget-divider\" data-id=\"431bb8f\" data-element_type=\"widget\" data-widget_type=\"divider.default\">\n\t\t\t\t<div class=\"elementor-widget-container\">\n\t\t\t<style>\/*! elementor - v3.20.0 - 13-03-2024 *\/\n.elementor-widget-divider{--divider-border-style:none;--divider-border-width:1px;--divider-color:#0c0d0e;--divider-icon-size:20px;--divider-element-spacing:10px;--divider-pattern-height:24px;--divider-pattern-size:20px;--divider-pattern-url:none;--divider-pattern-repeat:repeat-x}.elementor-widget-divider .elementor-divider{display:flex}.elementor-widget-divider .elementor-divider__text{font-size:15px;line-height:1;max-width:95%}.elementor-widget-divider .elementor-divider__element{margin:0 var(--divider-element-spacing);flex-shrink:0}.elementor-widget-divider .elementor-icon{font-size:var(--divider-icon-size)}.elementor-widget-divider .elementor-divider-separator{display:flex;margin:0;direction:ltr}.elementor-widget-divider--view-line_icon .elementor-divider-separator,.elementor-widget-divider--view-line_text .elementor-divider-separator{align-items:center}.elementor-widget-divider--view-line_icon .elementor-divider-separator:after,.elementor-widget-divider--view-line_icon .elementor-divider-separator:before,.elementor-widget-divider--view-line_text .elementor-divider-separator:after,.elementor-widget-divider--view-line_text .elementor-divider-separator:before{display:block;content:\"\";border-block-end:0;flex-grow:1;border-block-start:var(--divider-border-width) var(--divider-border-style) var(--divider-color)}.elementor-widget-divider--element-align-left .elementor-divider .elementor-divider-separator>.elementor-divider__svg:first-of-type{flex-grow:0;flex-shrink:100}.elementor-widget-divider--element-align-left .elementor-divider-separator:before{content:none}.elementor-widget-divider--element-align-left .elementor-divider__element{margin-left:0}.elementor-widget-divider--element-align-right .elementor-divider .elementor-divider-separator>.elementor-divider__svg:last-of-type{flex-grow:0;flex-shrink:100}.elementor-widget-divider--element-align-right .elementor-divider-separator:after{content:none}.elementor-widget-divider--element-align-right .elementor-divider__element{margin-right:0}.elementor-widget-divider--element-align-start .elementor-divider .elementor-divider-separator>.elementor-divider__svg:first-of-type{flex-grow:0;flex-shrink:100}.elementor-widget-divider--element-align-start .elementor-divider-separator:before{content:none}.elementor-widget-divider--element-align-start .elementor-divider__element{margin-inline-start:0}.elementor-widget-divider--element-align-end .elementor-divider .elementor-divider-separator>.elementor-divider__svg:last-of-type{flex-grow:0;flex-shrink:100}.elementor-widget-divider--element-align-end .elementor-divider-separator:after{content:none}.elementor-widget-divider--element-align-end .elementor-divider__element{margin-inline-end:0}.elementor-widget-divider:not(.elementor-widget-divider--view-line_text):not(.elementor-widget-divider--view-line_icon) .elementor-divider-separator{border-block-start:var(--divider-border-width) var(--divider-border-style) var(--divider-color)}.elementor-widget-divider--separator-type-pattern{--divider-border-style:none}.elementor-widget-divider--separator-type-pattern.elementor-widget-divider--view-line .elementor-divider-separator,.elementor-widget-divider--separator-type-pattern:not(.elementor-widget-divider--view-line) .elementor-divider-separator:after,.elementor-widget-divider--separator-type-pattern:not(.elementor-widget-divider--view-line) .elementor-divider-separator:before,.elementor-widget-divider--separator-type-pattern:not([class*=elementor-widget-divider--view]) .elementor-divider-separator{width:100%;min-height:var(--divider-pattern-height);-webkit-mask-size:var(--divider-pattern-size) 100%;mask-size:var(--divider-pattern-size) 100%;-webkit-mask-repeat:var(--divider-pattern-repeat);mask-repeat:var(--divider-pattern-repeat);background-color:var(--divider-color);-webkit-mask-image:var(--divider-pattern-url);mask-image:var(--divider-pattern-url)}.elementor-widget-divider--no-spacing{--divider-pattern-size:auto}.elementor-widget-divider--bg-round{--divider-pattern-repeat:round}.rtl .elementor-widget-divider .elementor-divider__text{direction:rtl}.e-con-inner>.elementor-widget-divider,.e-con>.elementor-widget-divider{width:var(--container-widget-width,100%);--flex-grow:var(--container-widget-flex-grow)}<\/style>\t\t<div class=\"elementor-divider\">\n\t\t\t<span class=\"elementor-divider-separator\">\n\t\t\t\t\t\t<\/span>\n\t\t<\/div>\n\t\t\t\t<\/div>\n\t\t\t\t<\/div>\n\t\t\t\t<section class=\"elementor-section elementor-inner-section elementor-element elementor-element-12312a5a elementor-section-boxed elementor-section-height-default elementor-section-height-default\" data-id=\"12312a5a\" data-element_type=\"section\" data-settings=\"{&quot;_ha_eqh_enable&quot;:false}\">\n\t\t\t\t\t\t<div class=\"elementor-container elementor-column-gap-default\">\n\t\t\t\t\t<div class=\"elementor-column elementor-col-100 elementor-inner-column elementor-element elementor-element-b0585b5\" data-id=\"b0585b5\" data-element_type=\"column\">\n\t\t\t<div class=\"elementor-widget-wrap elementor-element-populated\">\n\t\t\t\t\t\t<div class=\"elementor-element elementor-element-733aa463 elementor-align-center elementor-widget elementor-widget-button\" data-id=\"733aa463\" data-element_type=\"widget\" data-widget_type=\"button.default\">\n\t\t\t\t<div class=\"elementor-widget-container\">\n\t\t\t\t\t<div class=\"elementor-button-wrapper\">\n\t\t\t<a class=\"elementor-button elementor-button-link elementor-size-lg\" href=\"https:\/\/drlianbeauty.com\/fr\/soins-de-la-peau-meso-esthetique-dermaceutique-ontario\/\">\n\t\t\t\t\t\t<span class=\"elementor-button-content-wrapper\">\n\t\t\t\t\t\t<span class=\"elementor-button-text\">Retourner \u00e0 la page pr\u00e9c\u00e9dente<\/span>\n\t\t<\/span>\n\t\t\t\t\t<\/a>\n\t\t<\/div>\n\t\t\t\t<\/div>\n\t\t\t\t<\/div>\n\t\t\t\t\t<\/div>\n\t\t<\/div>\n\t\t\t\t\t<\/div>\n\t\t<\/section>\n\t\t\t\t\t<\/div>\n\t\t<\/div>\n\t\t\t\t\t<\/div>\n\t\t<\/section>\n\t\t\t\t<\/div>","protected":false},"excerpt":{"rendered":"<p>Thank you for your interest in the Mesoestetic &amp; Dermaceutic Skincare products. Unfortunately, online purchases are not yet available. Kindly present to the reception desk of our clinic on the third floor of 601 Limoges Rd. in order to obtain your product today! Go back to Previous Page<\/p>","protected":false},"author":6,"featured_media":0,"parent":0,"menu_order":0,"comment_status":"closed","ping_status":"closed","template":"elementor_canvas","meta":{"footnotes":""},"class_list":["post-9899","page","type-page","status-publish","hentry"],"yoast_head":"<!-- This site is optimized with the Yoast SEO plugin v22.2 - https:\/\/yoast.com\/wordpress\/plugins\/seo\/ -->\n<title>Mesoestetic &amp; Dermaceutic Skincare Thank-you - Dr. Lian Beauty<\/title>\n<meta name=\"robots\" content=\"noindex, nofollow\" \/>\n<meta property=\"og:locale\" content=\"fr_FR\" \/>\n<meta property=\"og:type\" content=\"article\" \/>\n<meta property=\"og:title\" content=\"Mesoestetic &amp; Dermaceutic Skincare Thank-you - Dr. Lian Beauty\" \/>\n<meta property=\"og:description\" content=\"Thank you for your interest in the Mesoestetic &amp; Dermaceutic Skincare products. Unfortunately, online purchases are not yet available. Kindly present to the reception desk of our clinic on the third floor of 601 Limoges Rd. in order to obtain your product today! Go back to Previous Page\" \/>\n<meta property=\"og:url\" content=\"https:\/\/drlianbeauty.com\/fr\/mesoestetic-dermaceutic-skincare-merci\/\" \/>\n<meta property=\"og:site_name\" content=\"Dr. Lian Beauty\" \/>\n<meta property=\"article:modified_time\" content=\"2024-10-16T00:00:11+00:00\" \/>\n<meta name=\"twitter:card\" content=\"summary_large_image\" \/>\n<meta name=\"twitter:label1\" content=\"Dur\u00e9e de lecture estim\u00e9e\" \/>\n\t<meta name=\"twitter:data1\" content=\"1 minute\" \/>\n<script type=\"application\/ld+json\" class=\"yoast-schema-graph\">{\"@context\":\"https:\/\/schema.org\",\"@graph\":[{\"@type\":\"WebPage\",\"@id\":\"https:\/\/drlianbeauty.com\/mesoestetic-dermaceutic-skincare-thank-you\/\",\"url\":\"https:\/\/drlianbeauty.com\/mesoestetic-dermaceutic-skincare-thank-you\/\",\"name\":\"Mesoestetic & Dermaceutic Skincare Thank-you - Dr. Lian Beauty\",\"isPartOf\":{\"@id\":\"https:\/\/drlianbeauty.com\/#website\"},\"datePublished\":\"2024-10-15T23:55:38+00:00\",\"dateModified\":\"2024-10-16T00:00:11+00:00\",\"breadcrumb\":{\"@id\":\"https:\/\/drlianbeauty.com\/mesoestetic-dermaceutic-skincare-thank-you\/#breadcrumb\"},\"inLanguage\":\"fr-FR\",\"potentialAction\":[{\"@type\":\"ReadAction\",\"target\":[\"https:\/\/drlianbeauty.com\/mesoestetic-dermaceutic-skincare-thank-you\/\"]}]},{\"@type\":\"BreadcrumbList\",\"@id\":\"https:\/\/drlianbeauty.com\/mesoestetic-dermaceutic-skincare-thank-you\/#breadcrumb\",\"itemListElement\":[{\"@type\":\"ListItem\",\"position\":1,\"name\":\"Home\",\"item\":\"https:\/\/drlianbeauty.com\/\"},{\"@type\":\"ListItem\",\"position\":2,\"name\":\"Mesoestetic &#038; Dermaceutic Skincare Thank-you\"}]},{\"@type\":\"WebSite\",\"@id\":\"https:\/\/drlianbeauty.com\/#website\",\"url\":\"https:\/\/drlianbeauty.com\/\",\"name\":\"Dr. Lian Beauty\",\"description\":\"A physician-operated cosmetic clinic founded in 2019 located in the heart of Limoges, Ontario\",\"publisher\":{\"@id\":\"https:\/\/drlianbeauty.com\/#organization\"},\"potentialAction\":[{\"@type\":\"SearchAction\",\"target\":{\"@type\":\"EntryPoint\",\"urlTemplate\":\"https:\/\/drlianbeauty.com\/?s={search_term_string}\"},\"query-input\":\"required name=search_term_string\"}],\"inLanguage\":\"fr-FR\"},{\"@type\":\"Organization\",\"@id\":\"https:\/\/drlianbeauty.com\/#organization\",\"name\":\"Dr. Lian Beauty\",\"url\":\"https:\/\/drlianbeauty.com\/\",\"logo\":{\"@type\":\"ImageObject\",\"inLanguage\":\"fr-FR\",\"@id\":\"https:\/\/drlianbeauty.com\/#\/schema\/logo\/image\/\",\"url\":\"https:\/\/drlianbeauty.com\/wp-content\/uploads\/2021\/08\/Logo-without-name.png\",\"contentUrl\":\"https:\/\/drlianbeauty.com\/wp-content\/uploads\/2021\/08\/Logo-without-name.png\",\"width\":500,\"height\":500,\"caption\":\"Dr. Lian Beauty\"},\"image\":{\"@id\":\"https:\/\/drlianbeauty.com\/#\/schema\/logo\/image\/\"},\"sameAs\":[\"https:\/\/instagram.com\/drlian_beauty\"]}]}<\/script>\n<!-- \/ Yoast SEO plugin. -->","yoast_head_json":{"title":"Mesoestetic & Dermaceutic Skincare Thank-you - Dr. Lian Beauty","robots":{"index":"noindex","follow":"nofollow"},"og_locale":"fr_FR","og_type":"article","og_title":"Mesoestetic & Dermaceutic Skincare Thank-you - Dr. Lian Beauty","og_description":"Thank you for your interest in the Mesoestetic &amp; Dermaceutic Skincare products. Unfortunately, online purchases are not yet available. Kindly present to the reception desk of our clinic on the third floor of 601 Limoges Rd. in order to obtain your product today! Go back to Previous Page","og_url":"https:\/\/drlianbeauty.com\/fr\/mesoestetic-dermaceutic-skincare-merci\/","og_site_name":"Dr. Lian Beauty","article_modified_time":"2024-10-16T00:00:11+00:00","twitter_card":"summary_large_image","twitter_misc":{"Dur\u00e9e de lecture estim\u00e9e":"1 minute"},"schema":{"@context":"https:\/\/schema.org","@graph":[{"@type":"WebPage","@id":"https:\/\/drlianbeauty.com\/mesoestetic-dermaceutic-skincare-thank-you\/","url":"https:\/\/drlianbeauty.com\/mesoestetic-dermaceutic-skincare-thank-you\/","name":"Mesoestetic & Dermaceutic Skincare Thank-you - Dr. Lian Beauty","isPartOf":{"@id":"https:\/\/drlianbeauty.com\/#website"},"datePublished":"2024-10-15T23:55:38+00:00","dateModified":"2024-10-16T00:00:11+00:00","breadcrumb":{"@id":"https:\/\/drlianbeauty.com\/mesoestetic-dermaceutic-skincare-thank-you\/#breadcrumb"},"inLanguage":"fr-FR","potentialAction":[{"@type":"ReadAction","target":["https:\/\/drlianbeauty.com\/mesoestetic-dermaceutic-skincare-thank-you\/"]}]},{"@type":"BreadcrumbList","@id":"https:\/\/drlianbeauty.com\/mesoestetic-dermaceutic-skincare-thank-you\/#breadcrumb","itemListElement":[{"@type":"ListItem","position":1,"name":"Home","item":"https:\/\/drlianbeauty.com\/"},{"@type":"ListItem","position":2,"name":"Mesoestetic &#038; Dermaceutic Skincare Thank-you"}]},{"@type":"WebSite","@id":"https:\/\/drlianbeauty.com\/#website","url":"https:\/\/drlianbeauty.com\/","name":"Dr. Lian Beauty","description":"A physician-operated cosmetic clinic founded in 2019 located in the heart of Limoges, Ontario","publisher":{"@id":"https:\/\/drlianbeauty.com\/#organization"},"potentialAction":[{"@type":"SearchAction","target":{"@type":"EntryPoint","urlTemplate":"https:\/\/drlianbeauty.com\/?s={search_term_string}"},"query-input":"required name=search_term_string"}],"inLanguage":"fr-FR"},{"@type":"Organization","@id":"https:\/\/drlianbeauty.com\/#organization","name":"Dr. Lian Beauty","url":"https:\/\/drlianbeauty.com\/","logo":{"@type":"ImageObject","inLanguage":"fr-FR","@id":"https:\/\/drlianbeauty.com\/#\/schema\/logo\/image\/","url":"https:\/\/drlianbeauty.com\/wp-content\/uploads\/2021\/08\/Logo-without-name.png","contentUrl":"https:\/\/drlianbeauty.com\/wp-content\/uploads\/2021\/08\/Logo-without-name.png","width":500,"height":500,"caption":"Dr. Lian Beauty"},"image":{"@id":"https:\/\/drlianbeauty.com\/#\/schema\/logo\/image\/"},"sameAs":["https:\/\/instagram.com\/drlian_beauty"]}]}},"_links":{"self":[{"href":"https:\/\/drlianbeauty.com\/fr\/wp-json\/wp\/v2\/pages\/9899","targetHints":{"allow":["GET"]}}],"collection":[{"href":"https:\/\/drlianbeauty.com\/fr\/wp-json\/wp\/v2\/pages"}],"about":[{"href":"https:\/\/drlianbeauty.com\/fr\/wp-json\/wp\/v2\/types\/page"}],"author":[{"embeddable":true,"href":"https:\/\/drlianbeauty.com\/fr\/wp-json\/wp\/v2\/users\/6"}],"replies":[{"embeddable":true,"href":"https:\/\/drlianbeauty.com\/fr\/wp-json\/wp\/v2\/comments?post=9899"}],"version-history":[{"count":8,"href":"https:\/\/drlianbeauty.com\/fr\/wp-json\/wp\/v2\/pages\/9899\/revisions"}],"predecessor-version":[{"id":9911,"href":"https:\/\/drlianbeauty.com\/fr\/wp-json\/wp\/v2\/pages\/9899\/revisions\/9911"}],"wp:attachment":[{"href":"https:\/\/drlianbeauty.com\/fr\/wp-json\/wp\/v2\/media?parent=9899"}],"curies":[{"name":"wp","href":"https:\/\/api.w.org\/{rel}","templated":true}]}}